{"id":35,"date":"2021-03-06T23:06:10","date_gmt":"2021-03-06T23:06:10","guid":{"rendered":"http:\/\/www.andreixmas.com\/?page_id=35"},"modified":"2021-03-06T23:17:29","modified_gmt":"2021-03-06T23:17:29","slug":"home","status":"publish","type":"page","link":"http:\/\/www.andreixmas.com\/","title":{"rendered":"Salut. Sunt Andrei Xmas"},"content":{"rendered":"\n<div class=\"wp-block-image is-style-default\"><figure class=\"aligncenter size-full is-resized\"><img loading=\"lazy\" decoding=\"async\" src=\"https:\/\/www.andreixmas.com\/wp-content\/uploads\/2021\/03\/1.jpg\" alt=\"Bau\" class=\"wp-image-18\" width=\"810\" height=\"1013\" srcset=\"http:\/\/www.andreixmas.com\/wp-content\/uploads\/2021\/03\/1.jpg 1080w, http:\/\/www.andreixmas.com\/wp-content\/uploads\/2021\/03\/1-240x300.jpg 240w, http:\/\/www.andreixmas.com\/wp-content\/uploads\/2021\/03\/1-819x1024.jpg 819w, http:\/\/www.andreixmas.com\/wp-content\/uploads\/2021\/03\/1-768x960.jpg 768w, http:\/\/www.andreixmas.com\/wp-content\/uploads\/2021\/03\/1-100x125.jpg 100w, http:\/\/www.andreixmas.com\/wp-content\/uploads\/2021\/03\/1-150x188.jpg 150w, http:\/\/www.andreixmas.com\/wp-content\/uploads\/2021\/03\/1-200x250.jpg 200w, http:\/\/www.andreixmas.com\/wp-content\/uploads\/2021\/03\/1-300x375.jpg 300w, http:\/\/www.andreixmas.com\/wp-content\/uploads\/2021\/03\/1-450x563.jpg 450w, http:\/\/www.andreixmas.com\/wp-content\/uploads\/2021\/03\/1-600x750.jpg 600w, http:\/\/www.andreixmas.com\/wp-content\/uploads\/2021\/03\/1-900x1125.jpg 900w\" sizes=\"auto, (max-width: 810px) 100vw, 810px\" \/><\/figure><\/div>\n\n\n\n<p>Am vrut s\u0103 fiu ca B.U.G. Mafia &#8211; peste tot &#8211; de aia mi-am f\u0103cut \u0219i website. Dac\u0103 m\u0103 \u0219tii deja de pe youtube, instagram, facebook, tiktok sau dac\u0103 \u021bi-am f\u0103cut magie, e\u0219ti genial \u0219i te iubesc \u00een limitele legale.<br>Hai s\u0103 ne mai vorbim din c\u00e2nd \u00een c\u00e2nd \u0219i pe aici.<\/p>\n\n\n\n<p><\/p>\n","protected":false},"excerpt":{"rendered":"<p>Am vrut s\u0103 fiu ca B.U.G. Mafia &#8211; peste tot &#8211; de aia mi-am f\u0103cut \u0219i website. Dac\u0103 m\u0103 \u0219tii deja de pe youtube, instagram, facebook, tiktok sau dac\u0103 \u021bi-am f\u0103cut magie, e\u0219ti genial \u0219i te iubesc \u00een limitele legale.Hai &hellip;<\/p>\n<p class=\"read-more\"> <a class=\"more-link\" href=\"http:\/\/www.andreixmas.com\/\"> <span class=\"screen-reader-text\">Salut. Sunt Andrei Xmas<\/span> Read More &raquo;<\/a><\/p>\n","protected":false},"author":1,"featured_media":0,"parent":0,"menu_order":0,"comment_status":"closed","ping_status":"closed","template":"gutenberg-fullwidth.php","meta":{"footnotes":""},"class_list":["post-35","page","type-page","status-publish","hentry"],"_links":{"self":[{"href":"http:\/\/www.andreixmas.com\/index.php\/wp-json\/wp\/v2\/pages\/35","targetHints":{"allow":["GET"]}}],"collection":[{"href":"http:\/\/www.andreixmas.com\/index.php\/wp-json\/wp\/v2\/pages"}],"about":[{"href":"http:\/\/www.andreixmas.com\/index.php\/wp-json\/wp\/v2\/types\/page"}],"author":[{"embeddable":true,"href":"http:\/\/www.andreixmas.com\/index.php\/wp-json\/wp\/v2\/users\/1"}],"replies":[{"embeddable":true,"href":"http:\/\/www.andreixmas.com\/index.php\/wp-json\/wp\/v2\/comments?post=35"}],"version-history":[{"count":6,"href":"http:\/\/www.andreixmas.com\/index.php\/wp-json\/wp\/v2\/pages\/35\/revisions"}],"predecessor-version":[{"id":46,"href":"http:\/\/www.andreixmas.com\/index.php\/wp-json\/wp\/v2\/pages\/35\/revisions\/46"}],"wp:attachment":[{"href":"http:\/\/www.andreixmas.com\/index.php\/wp-json\/wp\/v2\/media?parent=35"}],"curies":[{"name":"wp","href":"https:\/\/api.w.org\/{rel}","templated":true}]}}